{"id":13326,"date":"2019-09-24T17:47:53","date_gmt":"2019-09-24T15:47:53","guid":{"rendered":"https:\/\/www.laboite-kilanigroupe.com\/?page_id=13326"},"modified":"2025-10-20T13:39:18","modified_gmt":"2025-10-20T11:39:18","slug":"abdelaziz-gorgi-test-eng","status":"publish","type":"page","link":"https:\/\/www.laboite-kilanigroupe.com\/en\/abdelaziz-gorgi-test-eng\/","title":{"rendered":"ABDELAZIZ GORGI-test-eng"},"content":{"rendered":"[vc_row type=&#8221;in_container&#8221; full_screen_row_position=&#8221;middle&#8221; scene_position=&#8221;center&#8221; text_color=&#8221;dark&#8221; text_align=&#8221;left&#8221; overlay_strength=&#8221;0.3&#8243; shape_divider_position=&#8221;bottom&#8221; bg_image_animation=&#8221;none&#8221;][vc_column column_padding=&#8221;no-extra-padding&#8221; column_padding_position=&#8221;all&#8221; background_color_opacity=&#8221;1&#8243; background_hover_color_opacity=&#8221;1&#8243; column_link_target=&#8221;_self&#8221; column_shadow=&#8221;none&#8221; column_border_radius=&#8221;none&#8221; width=&#8221;1\/1&#8243; tablet_width_inherit=&#8221;default&#8221; tablet_text_alignment=&#8221;default&#8221; phone_text_alignment=&#8221;default&#8221; column_border_width=&#8221;none&#8221; column_border_style=&#8221;solid&#8221; bg_image_animation=&#8221;none&#8221;][vc_row_inner column_margin=&#8221;default&#8221; text_align=&#8221;left&#8221;][vc_column_inner column_padding=&#8221;no-extra-padding&#8221; column_padding_position=&#8221;all&#8221; background_color_opacity=&#8221;1&#8243; background_hover_color_opacity=&#8221;1&#8243; column_shadow=&#8221;none&#8221; column_border_radius=&#8221;none&#8221; column_link_target=&#8221;_self&#8221; width=&#8221;1\/4&#8243; tablet_width_inherit=&#8221;default&#8221; column_border_width=&#8221;none&#8221; column_border_style=&#8221;solid&#8221; bg_image_animation=&#8221;none&#8221;][vc_column_text]<a class=\"linkArtiste\" href=\"https:\/\/www.laboite-kilanigroupe.com\/chacha-atallah-biographie\/\">Chacha Atallah<\/a> <br>\r\n<a class=\"linkArtiste\" href=\"http:\/\/www.laboite-kilanigroupe.com\/safa-attyaoui\">Safa Attyaoui<\/a> <br>\r\n<a class=\"linkArtiste\" href=\"http:\/\/www.laboite-kilanigroupe.com\/selim-ben-cheikh\">Selim Ben Cheikh<\/a><br>\r\n<a class=\"linkArtiste\" href=\"http:\/\/www.laboite-kilanigroupe.com\/walid-ben-ghezala\">Walid Ben Ghezala<\/a><br>\r\n<a class=\"linkArtiste\" href=\"https:\/\/www.laboite-kilanigroupe.com\/yesmine-ben-khelil-3\">Yesmine Ben Khelil<\/a><br>\r\n<a class=\"linkArtiste\" href=\"http:\/\/www.laboite-kilanigroupe.com\/lina-ben-rejeb\">Lina Ben Rejeb<\/a><br>\r\n<a class=\"linkArtiste\" href=\"http:\/\/www.laboite-kilanigroupe.com\/hammadi-ben-saad\">Hammadi Ben Saad<\/a><br>\r\n<a class=\"linkArtiste\" href=\"http:\/\/www.laboite-kilanigroupe.com\/safouane-ben-slama\">Safouane Ben Slama<\/a><br>\r\n<a class=\"linkArtiste\" href=\"https:\/\/www.laboite-kilanigroupe.com\/mohamed-ben-slama\/\">mohamed ben slama<\/a>\r\n<a class=\"linkArtiste\" href=\"http:\/\/www.laboite-kilanigroupe.com\/mohamed-ben-soltane\">Mohamed Ben Soltane<\/a><br>\r\n<a class=\"linkArtiste\" href=\"http:\/\/www.laboite-kilanigroupe.com\/amel-bennys\">Amel Bennys<\/a>  <br>\r\n<a class=\"linkArtiste\" href=\"http:\/\/www.laboite-kilanigroupe.com\/ymen-berhouma\">Ymen Berhouma<\/a> <br>\r\n<a class=\"linkArtiste\" href=\"http:\/\/www.laboite-kilanigroupe.com\/meriem-bouderbala\">Meriem Bouderbala<\/a> <br>\r\n<a class=\"linkArtiste\" href=\"http:\/\/www.laboite-kilanigroupe.com\/polly-brooks\">Polly Brooks<\/a><br>\r\n<a class=\"linkArtiste\" href=\"http:\/\/www.laboite-kilanigroupe.com\/cristian-chironi\">Cristian Chironi<\/a><br>\r\n<a class=\"linkArtiste\" href=\"http:\/\/www.laboite-kilanigroupe.com\/ferielle-zouari\">F\u00e9rielle Doulain-Zouari<\/a>\r\n<a class=\"linkArtiste\" href=\"http:\/\/www.laboite-kilanigroupe.com\/hichem-driss\">Hichem Driss<\/a> <br>\r\n<a class=\"linkArtiste\" href=\"http:\/\/www.laboite-kilanigroupe.com\/fakhri-el-ghezal\">Fakhri El Ghezal<\/a><br>\r\n<a class=\"linkArtiste\" href=\"http:\/\/www.laboite-kilanigroupe.com\/moufida-fedhila\">Moufida Fedhila<\/a> <br>\r\n<a class=\"linkArtiste\" href=\"http:\/\/https:\/\/www.laboite-kilanigroupe.com\/anne-francey-2\/\">Anne Francey<\/a>  <br>\r\n<a class=\"linkArtiste\" href=\"http:\/\/www.laboite-kilanigroupe.com\/aicha-filali\/\">A\u00efcha Filali<\/a><br>\r\n<a class=\"linkArtiste\" href=\"http:\/\/www.laboite-kilanigroupe.com\/malek-gnaoui\">Malek Gnaoui<\/a><br>\r\n<a class=\"linkArtiste\" href=\"http:\/\/www.laboite-kilanigroupe.com\/mouna-jemal-siala\">Mouna Jemal Siala<\/a> <br>\r\n<a class=\"linkArtiste\" href=\"http:\/\/www.laboite-kilanigroupe.com\/farah-khelil\">Farah Khelil<\/a> <br>\r\n<a class=\"linkArtiste\" href=\"http:\/\/www.laboite-kilanigroupe.com\/nacer-khemir\">Nacer Khemir<\/a>  <br>\r\n<a class=\"linkArtiste\" href=\"http:\/\/www.laboite-kilanigroupe.com\/skander-khlif\">Skander Khlif<\/a>  <br>\r\n<a class=\"linkArtiste\" href=\"http:\/\/www.laboite-kilanigroupe.com\/nicene-kossentini\">Nic\u00e8ne Kossentini<\/a> <br>\r\n<a class=\"linkArtiste\" href=\" https:\/\/www.laboite-kilanigroupe.com\/mouna-karray\"> Mouna Karray<\/a> <br>\r\n<a class=\"linkArtiste\" href=\"http:\/\/www.laboite-kilanigroupe.com\/hela-lamine\">Hela Lamine<\/a> <br>\r\n<a class=\"linkArtiste\" href=\"http:\/\/www.laboite-kilanigroupe.com\/ibrahim-matouss\">Ibrahim M\u00e0touss<\/a> <br>\r\n<a class=\"linkArtiste\" href=\" https:\/\/www.laboite-kilanigroupe.com\/aymen-mbarki\/\">Aymen Mbarki<\/a> <br>\r\n<a class=\"linkArtiste\" href=\"http:\/\/www.laboite-kilanigroupe.com\/elma-riza\">Elma Riza<\/a> <br>\r\n<a class=\"linkArtiste\" href=\"https:\/\/www.laboite-kilanigroupe.com\/elise-provencher\/\">\u00c9lise Provencher<\/a> <br>\r\n<a class=\"linkArtiste\" href=\"https:\/\/www.laboite-kilanigroupe.com\/fatim-soumare\/\">Fatim Soumar\u00e9<\/a> <br>\r\n<a class=\"linkArtiste\" href=\"http:\/\/www.https:\/\/www.laboite-kilanigroupe.com\/saif-fradj\/\">Saif Fradj<\/a><br>\r\n<a class=\"linkArtiste\" href=\"http:\/\/www.laboite-kilanigroupe.com\/nabil-saouabi\">Nabil Saouabi<\/a><br>\r\n<a class=\"linkArtiste\" href=\"http:\/\/www.laboite-kilanigroupe.com\/verena-schneider-ava-binta-giallo\/\">Verena Schneider & Ava Binta Giallo<\/a><br>\r\n<a class=\"linkArtiste\" href=\"http:\/\/www.laboite-kilanigroupe.com\/delel-tangour\">Delel Tangour<\/a><br>\r\n<a class=\"linkArtiste\" href=\"http:\/\/www.laboite-kilanigroupe.com\/ali-tnani\">Ali Tnani<\/a> <br>\r\n<a class=\"linkArtiste\" href=\"http:\/\/www.laboite-kilanigroupe.com\/haythem-zakaria\">Haythem Zakaria<\/a> <br>\r\n\r\n[\/vc_column_text][\/vc_column_inner][vc_column_inner column_padding=&#8221;no-extra-padding&#8221; column_padding_position=&#8221;all&#8221; background_color_opacity=&#8221;1&#8243; background_hover_color_opacity=&#8221;1&#8243; column_shadow=&#8221;none&#8221; column_border_radius=&#8221;none&#8221; column_link_target=&#8221;_self&#8221; width=&#8221;2\/4&#8243; tablet_width_inherit=&#8221;default&#8221; column_border_width=&#8221;none&#8221; column_border_style=&#8221;solid&#8221; bg_image_animation=&#8221;none&#8221;][vc_column_text]\n<h2>Abdelaziz Gorgi<\/h2>\n<p class=\"artisteDescription\">N\u00e9 en 1928 \u00e0 Tunis.<\/p>\n<p class=\"artisteDescription\">Abdelaziz Gorgi est n\u00e9 en 1928 au c\u0153ur de la M\u00e9dina de Tunis. De 1944 \u00e0 1949, il fait des \u00e9tudes \u00e0 l\u2019Institut Sup\u00e9rieur des Beaux-Arts de Tunis puis part en France, \u00e0 l\u2019\u00c9cole de Paris, o\u00f9 il poursuit sa carri\u00e8re artistique. D\u00e8s son retour \u00e0 Tunis, il s\u2019implique et s\u2019engage avec quelques peintres (notamment Ammar Farhat, Yahia Turki, Jellal Abdallah, Ali Bellagha et Pierre Boucherle) \u00e0 la cr\u00e9ation de l\u2019\u00c9cole de Tunis, un courant artistique de la peinture tunisienne. Ces artistes \u00e9changent leurs id\u00e9es novatrices et revendiquent un art authentiquement tunisien. Leurs \u0153uvres attestent de leur engagement \u00e0 mettre en valeur le patrimoine et la culture populaire traditionnelle de la Tunisie. De 1959 \u00e0 1983, il enseigne le dessin, la c\u00e9ramique et la peinture \u00e0 l\u2019Institut Sup\u00e9rieur des Beaux-Arts de Tunis. Il a expos\u00e9 en Tunisie et \u00e0 l\u2019\u00e9tranger. Il a r\u00e9alis\u00e9 plusieurs \u0153uvres murales, sculptures et tapisseries artistiques. En 1973, il cr\u00e9e sa propre galerie d\u2019art, baptis\u00e9e Galerie Gorgi, \u00e0 Tunis. Quelques temps apr\u00e8s, en hommage au peintre Ammar Farhat, il ouvre \u00e0 Sidi Bou Said une autre galerie dont il confie l\u2019animation \u00e0 sa fille Aicha Gorgi.<\/p>\n<p class=\"artisteDescription\">\u00ab\u2026 Abdelaziz Gorgi a su au cours de sa vie d\u2019artiste produire une \u0153uvre complexe qui a fortement contribu\u00e9 \u00e0 r\u00e9inventer en profondeur le narratif traditionnel tunisien \u00e0 travers l\u2019originalit\u00e9 de son approche et de sa technique. \u00bb<\/p>\n[\/vc_column_text][vc_column_text]\n<h3 class=\"nomExpo\"><a href=\"http:\/\/www.laboite-kilanigroupe.com\/expo-abdelaziz-gorgi\/\">GORGI<\/a><\/h3>\n<p class=\"dateExpo\">Avril 2016 \u2013 Septembre 2016<\/p>\n[\/vc_column_text][\/vc_column_inner][vc_column_inner column_padding=&#8221;no-extra-padding&#8221; column_padding_position=&#8221;all&#8221; background_color_opacity=&#8221;1&#8243; background_hover_color_opacity=&#8221;1&#8243; column_shadow=&#8221;none&#8221; column_border_radius=&#8221;none&#8221; column_link_target=&#8221;_self&#8221; width=&#8221;1\/4&#8243; tablet_width_inherit=&#8221;default&#8221; column_border_width=&#8221;none&#8221; column_border_style=&#8221;solid&#8221; bg_image_animation=&#8221;none&#8221;]<div class=\"img-with-aniamtion-wrap right\" data-max-width=\"100%\" data-border-radius=\"none\"><div class=\"inner\"><img fetchpriority=\"high\" decoding=\"async\" data-shadow=\"none\" data-shadow-direction=\"middle\" class=\"img-with-animation skip-lazy \" data-delay=\"0\" height=\"286\" width=\"382\"  data-animation=\"fade-in\" src=\"https:\/\/www.laboite-kilanigroupe.com\/wp-content\/uploads\/2019\/09\/gorgi-1.png\" srcset=\"https:\/\/www.laboite-kilanigroupe.com\/wp-content\/uploads\/2019\/09\/gorgi-1.png 382w, https:\/\/www.laboite-kilanigroupe.com\/wp-content\/uploads\/2019\/09\/gorgi-1-300x225.png 300w\" sizes=\"100vw\" alt=\"Abdelaziz Gorgi - biographie - artiste - La Bo\u00eete\" \/><\/div><\/div>[\/vc_column_inner][\/vc_row_inner][\/vc_column][\/vc_row]\n","protected":false},"excerpt":{"rendered":"<p>[vc_row type=&#8221;in_container&#8221; full_screen_row_position=&#8221;middle&#8221; scene_position=&#8221;center&#8221; text_color=&#8221;dark&#8221; text_align=&#8221;left&#8221; overlay_strength=&#8221;0.3&#8243; shape_divider_position=&#8221;bottom&#8221; bg_image_animation=&#8221;none&#8221;][vc_column column_padding=&#8221;no-extra-padding&#8221; column_padding_position=&#8221;all&#8221; background_color_opacity=&#8221;1&#8243; background_hover_color_opacity=&#8221;1&#8243; column_link_target=&#8221;_self&#8221; column_shadow=&#8221;none&#8221;&#8230;<\/p>\n","protected":false},"author":5,"featured_media":11913,"parent":0,"menu_order":0,"comment_status":"closed","ping_status":"closed","template":"","meta":{"inline_featured_image":false,"footnotes":""},"categories":[],"tags":[],"class_list":["post-13326","page","type-page","status-publish","has-post-thumbnail"],"aioseo_notices":[],"jetpack_sharing_enabled":true,"_links":{"self":[{"href":"https:\/\/www.laboite-kilanigroupe.com\/en\/wp-json\/wp\/v2\/pages\/13326","targetHints":{"allow":["GET"]}}],"collection":[{"href":"https:\/\/www.laboite-kilanigroupe.com\/en\/wp-json\/wp\/v2\/pages"}],"about":[{"href":"https:\/\/www.laboite-kilanigroupe.com\/en\/wp-json\/wp\/v2\/types\/page"}],"author":[{"embeddable":true,"href":"https:\/\/www.laboite-kilanigroupe.com\/en\/wp-json\/wp\/v2\/users\/5"}],"replies":[{"embeddable":true,"href":"https:\/\/www.laboite-kilanigroupe.com\/en\/wp-json\/wp\/v2\/comments?post=13326"}],"version-history":[{"count":2,"href":"https:\/\/www.laboite-kilanigroupe.com\/en\/wp-json\/wp\/v2\/pages\/13326\/revisions"}],"predecessor-version":[{"id":15795,"href":"https:\/\/www.laboite-kilanigroupe.com\/en\/wp-json\/wp\/v2\/pages\/13326\/revisions\/15795"}],"wp:featuredmedia":[{"embeddable":true,"href":"https:\/\/www.laboite-kilanigroupe.com\/en\/wp-json\/wp\/v2\/media\/11913"}],"wp:attachment":[{"href":"https:\/\/www.laboite-kilanigroupe.com\/en\/wp-json\/wp\/v2\/media?parent=13326"}],"wp:term":[{"taxonomy":"category","embeddable":true,"href":"https:\/\/www.laboite-kilanigroupe.com\/en\/wp-json\/wp\/v2\/categories?post=13326"},{"taxonomy":"post_tag","embeddable":true,"href":"https:\/\/www.laboite-kilanigroupe.com\/en\/wp-json\/wp\/v2\/tags?post=13326"}],"curies":[{"name":"wp","href":"https:\/\/api.w.org\/{rel}","templated":true}]}}