{"id":15177,"date":"2019-10-08T16:43:04","date_gmt":"2019-10-08T14:43:04","guid":{"rendered":"https:\/\/www.laboite-kilanigroupe.com\/?page_id=15177"},"modified":"2025-09-19T17:42:04","modified_gmt":"2025-09-19T15:42:04","slug":"effet-placebo-i-mohamed-ben-soltane2","status":"publish","type":"page","link":"https:\/\/www.laboite-kilanigroupe.com\/en\/effet-placebo-i-mohamed-ben-soltane2\/","title":{"rendered":"Effet Placebo I Mohamed Ben Soltane2"},"content":{"rendered":"[vc_row type=&#8221;in_container&#8221; full_screen_row_position=&#8221;middle&#8221; scene_position=&#8221;center&#8221; text_color=&#8221;dark&#8221; text_align=&#8221;left&#8221; overlay_strength=&#8221;0.3&#8243; shape_divider_position=&#8221;bottom&#8221; bg_image_animation=&#8221;none&#8221;][vc_column column_padding=&#8221;no-extra-padding&#8221; column_padding_position=&#8221;all&#8221; background_color_opacity=&#8221;1&#8243; background_hover_color_opacity=&#8221;1&#8243; column_link_target=&#8221;_self&#8221; column_shadow=&#8221;none&#8221; column_border_radius=&#8221;none&#8221; width=&#8221;1\/1&#8243; tablet_width_inherit=&#8221;default&#8221; tablet_text_alignment=&#8221;default&#8221; phone_text_alignment=&#8221;default&#8221; column_border_width=&#8221;none&#8221; column_border_style=&#8221;solid&#8221; bg_image_animation=&#8221;none&#8221;][vc_row_inner column_margin=&#8221;default&#8221; text_align=&#8221;left&#8221;][vc_column_inner column_padding=&#8221;no-extra-padding&#8221; column_padding_position=&#8221;all&#8221; background_color_opacity=&#8221;1&#8243; background_hover_color_opacity=&#8221;1&#8243; column_shadow=&#8221;none&#8221; column_border_radius=&#8221;none&#8221; column_link_target=&#8221;_self&#8221; el_class=&#8221;colLeftPub&#8221; width=&#8221;1\/2&#8243; tablet_width_inherit=&#8221;default&#8221; column_border_width=&#8221;none&#8221; column_border_style=&#8221;solid&#8221; bg_image_animation=&#8221;none&#8221;][vc_column_text el_class=&#8221;descriptionPub pub-1 textExpoInterne&#8221;]\n<h1 class=\"nameArtistInside\"><span style=\"font-size: 18pt;\">Mohamed Ben Soltane<\/span><br \/>\n<span style=\"font-size: 18pt;\">\u00abEffet Placebo\u00bb<\/span><\/h1>\n<p class=\"datePlaceInside\">Mars 2009 I Mars 2010<br \/>\nLa Bo\u00eete I Un lieu d\u2019art contemporain<\/p>\n<p>Texte de Mohamed Ben Soltane<br \/>\nThe idea for this project came from a disinterested reading of the wedding announcements that appeared every Sunday in La Presse de Tunisie. These seemingly innocuous announcements turn out to be full of meaning. They reveal the complexity of our society, and in particular the way in which couples form relationships. How do you describe the man or woman of your life in a few words? What are Tunisian men and women looking for in the opposite sex?<br \/>\nThe second installation, made from local newspapers, is an illustration of the Tunisian expression:<\/p>\n<p>\u0646\u0641\u0651\u062e\u0648\u0648 \u0648\u0623\u0634\u0652\u0631\u064f\u0628\u0652 \u0645\u0627\u0647\u0652<\/p>\n<p>This is a criticism of the press and its use of the langue de bois, these newspapers that bend to the orders of the regime and sometimes get ahead of it by censoring themselves.<\/p>\n<p>Mohamed Ben Soltane, 2009.<\/p>\n<p>&nbsp;<\/p>\n<p>&#8220;Mohamed Ben Soltane (1977), de la complexit\u00e9 du Tunisien, est un t\u00e9moin aff\u00fbt\u00e9. (&#8230;)\u00a0 Effet Placebo, encore, t\u00e9moigne avec punch de cette inclination \u00e0 aller fouiller dans les recoins de l\u2019\u00e2me tunisienne bless\u00e9e et frustr\u00e9e. De la presse quotidienne tunisienne, celle, notamment des petites annonces, l\u2019artiste extrait une foultitude d\u2019annonces de mariage, banales de prime abord mais fort r\u00e9v\u00e9latrices \u00e0 y regarder de plus pr\u00e8s. \u00ab Citoyen tunisien r\u00e9sident \u00e0 l\u2019\u00e9tranger, cherche faire connaissance, vue mariage, avec une tr\u00e8s belle fille tunisienne, \u00e2ge entre 18 et 30 ans, tr\u00e8s belle physiquement, sensuelle, f\u00e9minine, dynamique dans tous les sens, intelligente et chaleureuse. \u00c9crire \u00e0 la Presse Publicit\u00e9. Ag. Lafayette sous le n\u00b0 591. \u00bb Ces annonces a priori anodines, que l\u2019artiste photographie et expose telles quelles, \u00ab se r\u00e9v\u00e8lent riches\u00a0de sens, pr\u00e9cise la pr\u00e9sentation que fait La Bo\u00eete de Placebo. Elles nous r\u00e9v\u00e8lent en creux la complexit\u00e9 de notre soci\u00e9t\u00e9 et notamment la construction des relations de couple. Comment d\u00e9crire l\u2019homme ou la femme de sa vie en quelques mots ? Que cherche l\u2019homme ou la femme tunisienne<br \/>\nchez le sexe oppos\u00e9 ? \u00bb Photographe, dessinateur et peintre faisant fl\u00e8che de tout bois sans rien conc\u00e9der \u00e0 l\u2019illusion, inventeur aussi de personnages burlesques qui ne grandissent pas toujours le citoyen tunisien, Mohamed Ben Soltane ne craint pas l\u2019autocritique. Il assume d\u2019\u00eatre cet artiste du quotidien qui voit les choses de pr\u00e8s et non depuis les palais ou les officines id\u00e9ologiques. Le sublime comme le \u00ab grand art \u00bb \u00e0 message ronflant l\u2019int\u00e9ressent \u00e0 l\u2019\u00e9vidence moins que humer l\u2019air du temps et fureter dans les arri\u00e8re-cours de la vie de tous les jours, celles o\u00f9 nous passons, humains, le plus clair de notre temps. Sommes-nous s\u00fbrs de ce que nous sommes ? Non. Sommes-nous s\u00fbrs que notre vie n\u2019est pas celle que nous voudrions ? Oui, et sans h\u00e9siter, r\u00e9pond l\u2019artiste.<br \/>\nL\u2019\u00e9chec ne doit pas \u00eatre ni\u00e9 ou d\u00e9ni\u00e9, il importe au contraire d\u2019en rendre compte, de l\u2019afficher, en cessant de se draper dans une illusion de grandeur qui ne rapporte rien.&#8221;<\/p>\n<p><a href=\"https:\/\/paulardenne.wordpress.com\/\">Paul Ardenne<\/a><\/p>\n<p>&nbsp;<\/p>\n<p><a class=\"linkBioInside\" href=\"http:\/\/www.laboite-kilanigroupe.com\/mohamed-ben-soltane\/\">&gt; Biographie<\/a>[\/vc_column_text][\/vc_column_inner][vc_column_inner column_padding=&#8221;no-extra-padding&#8221; column_padding_position=&#8221;all&#8221; background_color_opacity=&#8221;1&#8243; background_hover_color_opacity=&#8221;1&#8243; column_shadow=&#8221;none&#8221; column_border_radius=&#8221;none&#8221; column_link_target=&#8221;_self&#8221; width=&#8221;1\/2&#8243; tablet_width_inherit=&#8221;default&#8221; column_border_width=&#8221;none&#8221; column_border_style=&#8221;solid&#8221; bg_image_animation=&#8221;none&#8221;][vc_gallery type=&#8221;nectarslider_style&#8221; images=&#8221;6735,6729,6730,6731,6732&#8243; flexible_slider_height=&#8221;true&#8221; bullet_navigation_style=&#8221;see_through&#8221; onclick=&#8221;link_no&#8221;][\/vc_column_inner][\/vc_row_inner][\/vc_column][\/vc_row][vc_row type=&#8221;in_container&#8221; full_screen_row_position=&#8221;middle&#8221; scene_position=&#8221;center&#8221; text_color=&#8221;dark&#8221; text_align=&#8221;left&#8221; overlay_strength=&#8221;0.3&#8243; shape_divider_position=&#8221;bottom&#8221; bg_image_animation=&#8221;none&#8221;][vc_column column_padding=&#8221;no-extra-padding&#8221; column_padding_position=&#8221;all&#8221; background_color_opacity=&#8221;1&#8243; background_hover_color_opacity=&#8221;1&#8243; column_link_target=&#8221;_self&#8221; column_shadow=&#8221;none&#8221; column_border_radius=&#8221;none&#8221; width=&#8221;1\/1&#8243; tablet_width_inherit=&#8221;default&#8221; tablet_text_alignment=&#8221;default&#8221; phone_text_alignment=&#8221;default&#8221; column_border_width=&#8221;none&#8221; column_border_style=&#8221;solid&#8221; bg_image_animation=&#8221;none&#8221;][vc_column_text][\/vc_column_text][\/vc_column][\/vc_row]\n","protected":false},"excerpt":{"rendered":"<p>[vc_row type=&#8221;in_container&#8221; full_screen_row_position=&#8221;middle&#8221; scene_position=&#8221;center&#8221; text_color=&#8221;dark&#8221; text_align=&#8221;left&#8221; overlay_strength=&#8221;0.3&#8243; shape_divider_position=&#8221;bottom&#8221; bg_image_animation=&#8221;none&#8221;][vc_column column_padding=&#8221;no-extra-padding&#8221; column_padding_position=&#8221;all&#8221; background_color_opacity=&#8221;1&#8243; background_hover_color_opacity=&#8221;1&#8243; column_link_target=&#8221;_self&#8221; column_shadow=&#8221;none&#8221;&#8230;<\/p>\n","protected":false},"author":6,"featured_media":11944,"parent":0,"menu_order":0,"comment_status":"closed","ping_status":"closed","template":"","meta":{"inline_featured_image":false,"footnotes":""},"categories":[57],"tags":[],"class_list":{"0":"post-15177","1":"page","2":"type-page","3":"status-publish","4":"has-post-thumbnail","6":"category-exhibitions"},"aioseo_notices":[],"jetpack_sharing_enabled":true,"_links":{"self":[{"href":"https:\/\/www.laboite-kilanigroupe.com\/en\/wp-json\/wp\/v2\/pages\/15177","targetHints":{"allow":["GET"]}}],"collection":[{"href":"https:\/\/www.laboite-kilanigroupe.com\/en\/wp-json\/wp\/v2\/pages"}],"about":[{"href":"https:\/\/www.laboite-kilanigroupe.com\/en\/wp-json\/wp\/v2\/types\/page"}],"author":[{"embeddable":true,"href":"https:\/\/www.laboite-kilanigroupe.com\/en\/wp-json\/wp\/v2\/users\/6"}],"replies":[{"embeddable":true,"href":"https:\/\/www.laboite-kilanigroupe.com\/en\/wp-json\/wp\/v2\/comments?post=15177"}],"version-history":[{"count":2,"href":"https:\/\/www.laboite-kilanigroupe.com\/en\/wp-json\/wp\/v2\/pages\/15177\/revisions"}],"predecessor-version":[{"id":15455,"href":"https:\/\/www.laboite-kilanigroupe.com\/en\/wp-json\/wp\/v2\/pages\/15177\/revisions\/15455"}],"wp:featuredmedia":[{"embeddable":true,"href":"https:\/\/www.laboite-kilanigroupe.com\/en\/wp-json\/wp\/v2\/media\/11944"}],"wp:attachment":[{"href":"https:\/\/www.laboite-kilanigroupe.com\/en\/wp-json\/wp\/v2\/media?parent=15177"}],"wp:term":[{"taxonomy":"category","embeddable":true,"href":"https:\/\/www.laboite-kilanigroupe.com\/en\/wp-json\/wp\/v2\/categories?post=15177"},{"taxonomy":"post_tag","embeddable":true,"href":"https:\/\/www.laboite-kilanigroupe.com\/en\/wp-json\/wp\/v2\/tags?post=15177"}],"curies":[{"name":"wp","href":"https:\/\/api.w.org\/{rel}","templated":true}]}}