{"id":15440,"date":"2019-10-08T16:35:50","date_gmt":"2019-10-08T14:35:50","guid":{"rendered":"https:\/\/www.laboite-kilanigroupe.com\/?page_id=15440"},"modified":"2025-09-19T17:50:29","modified_gmt":"2025-09-19T15:50:29","slug":"inviolable-image-meriem-bouderbala","status":"publish","type":"page","link":"https:\/\/www.laboite-kilanigroupe.com\/en\/inviolable-image-meriem-bouderbala\/","title":{"rendered":"Inviolable image- Meriem Bouderbala"},"content":{"rendered":"[vc_row type=&#8221;in_container&#8221; full_screen_row_position=&#8221;middle&#8221; scene_position=&#8221;center&#8221; text_color=&#8221;dark&#8221; text_align=&#8221;left&#8221; overlay_strength=&#8221;0.3&#8243; shape_divider_position=&#8221;bottom&#8221; bg_image_animation=&#8221;none&#8221;][vc_column column_padding=&#8221;no-extra-padding&#8221; column_padding_position=&#8221;all&#8221; background_color_opacity=&#8221;1&#8243; background_hover_color_opacity=&#8221;1&#8243; column_link_target=&#8221;_self&#8221; column_shadow=&#8221;none&#8221; column_border_radius=&#8221;none&#8221; width=&#8221;1\/1&#8243; tablet_width_inherit=&#8221;default&#8221; tablet_text_alignment=&#8221;default&#8221; phone_text_alignment=&#8221;default&#8221; column_border_width=&#8221;none&#8221; column_border_style=&#8221;solid&#8221; bg_image_animation=&#8221;none&#8221;][vc_row_inner column_margin=&#8221;default&#8221; text_align=&#8221;left&#8221;][vc_column_inner column_padding=&#8221;no-extra-padding&#8221; column_padding_position=&#8221;all&#8221; background_color_opacity=&#8221;1&#8243; background_hover_color_opacity=&#8221;1&#8243; column_shadow=&#8221;none&#8221; column_border_radius=&#8221;none&#8221; column_link_target=&#8221;_self&#8221; el_class=&#8221;colLeftPub&#8221; width=&#8221;1\/2&#8243; tablet_width_inherit=&#8221;default&#8221; column_border_width=&#8221;none&#8221; column_border_style=&#8221;solid&#8221; bg_image_animation=&#8221;none&#8221;][vc_column_text el_class=&#8221;descriptionPub pub-1 textExpoInterne&#8221;]\n<h1 class=\"nameArtistInside\"><strong><span style=\"font-size: 18pt;\">Meriem Bouderbala<\/span><\/strong><br \/>\n<strong><span style=\"font-size: 18pt;\">Inviolable image<\/span><\/strong><\/h1>\n<p class=\"datePlaceInside\">April 2013 I September 2013<br \/>\nLa Bo\u00eete I Un lieu d\u2019art contemporain<\/p>\n<p>Text of Meriem Bouderbala.<\/p>\n<p>Images of women between the dead and the living, as if created by the void.<br \/>\nHow do you confront representation? How do we approach the mystery that by its very nature it conceals from the eye?<br \/>\nBetween Eastern art and contemporary art, two directions that I try to bring together. On the one hand, geometry sets its codified narrative against the forbidden representation of the body. On the other, contemporary Western art responds to the academicism of representations by presenting them without background. My work is an attempt to escape from an alternative that I reject. I want to get back to the point where the human figure is both flesh and signs. I turn my body, its altered and disrupted photographic display, into a stage, an ephemeral stage for a tragedy that has no origin and no end.<\/p>\n<p>&nbsp;<\/p>\n<p>&#8220;L\u2019approche de Meriem Bouderbala, autre, plus ambivalente, diverge de celle de Filali. Bouderbala, notamment, est l\u2019auteur de nombreux autoportraits, souvent r\u00e9alis\u00e9s avec l\u2019appareillage num\u00e9rique, une fa\u00e7on pour cette artiste prodige de faire muter l\u2019apparence de son corps et, partant, sa signification. L\u2019option de l\u2019exposition \u00ab Inviolable Image \u00bb qu\u2019elle propose \u00e0 La Bo\u00eete est la suivante : \u00ab Des images de femmes<br \/>\nentre le mort et le vivant, comme engendr\u00e9es par le vide \u00bb, dit-elle, en ayant soin d\u2019ajouter \u00e0 sa pr\u00e9sentation cette question princeps, avec\u00a0 laquelle on n\u2019en aura sans doute jamais fini : \u00ab Comment affronter la repr\u00e9sentation ? Comment approcher le myst\u00e8re que par nature elle d\u00e9robe au regard. Entre l\u2019art de l\u2019Orient et l\u2019art contemporain, deux<br \/>\ndirections que je tente de conjoindre. D\u2019un c\u00f4t\u00e9, la g\u00e9om\u00e9trie oppose son r\u00e9cit codifi\u00e9 \u00e0 l\u2019interdit de la repr\u00e9sentation du corps. De l\u2019autre, l\u2019art occidental contemporain r\u00e9pond par la pr\u00e9sentation sans arri\u00e8re-plan \u00e0 l\u2019acad\u00e9misme des repr\u00e9sentations. Mon parcours est une tentative d\u2019\u00e9chapper \u00e0 une alternative que je r\u00e9fute. Je veux retrouver ce point o\u00f9 la figure humaine est \u00e0 la fois de chair et de signes. Je fais de mon corps, de son exposition photographique alt\u00e9r\u00e9e, boulevers\u00e9e, une sc\u00e8ne, un praticable \u00e9ph\u00e9m\u00e8re pour une trag\u00e9die sans origine et qui n\u2019a pas de fin. \u00bb Comment mieux dire, comme l\u2019entend Meriem Bouderbala, ce d\u00e9sarroi fondamental, une fois nos corps pris dans les rets de cultures multiples qui toutes nous appellent, nous aspirent \u2013 le d\u00e9sarroi que repr\u00e9sente l\u2019incertitude ? D\u00e9sarroi de l\u2019incertitude que\u00a0l\u2019artiste, avec ses cr\u00e9ations-cam\u00e9l\u00e9on, s\u2019essaie du moins \u00e0 surmonter, \u00e0 sublimer. Dissolution : je veux me dissoudre, dispara\u00eetre, m\u2019atomiser, \u00eatre un<br \/>\ncorps-particules ; Karakouz : je veux \u00eatre un personnage de th\u00e9\u00e2tre, la Madama ou Nina de ce th\u00e9\u00e2tre guignolesque qu\u2019est le karakouz, une<br \/>\nbourgeoise de haute classe ou une petite effront\u00e9e l\u00e9g\u00e8re ; Psichedelyk : je veux \u00eatre couleurs, formes libres, \u00e9clat\u00e9es, joyeuses\u2026 Ces portraits de femme o\u00f9 reconna\u00eetre l\u2019artiste en personne, sur papier ou tissu, montrent un trafic, une constante redistribution des formes, avec ce r\u00e9sultat, le corps se diss\u00e9mine, son apparence exacte \u00e9chappe, il est<br \/>\nplusieurs. Prenez et regardez, spectateurs, nous dit Meriem Bouderbala, ceci est mon corps et ce corps est insaisissable, il me glisse entre les doigts et les sens. La femme, moi-femme, un \u00eatre Janus, apte \u00e0 changer de forme, de destin, voire de genre, selon l\u2019humeur, selon l\u2019ambiance, selon l\u2019heure.&#8221;<\/p>\n<p><a href=\"https:\/\/paulardenne.wordpress.com\/\">Paul Ardenne<\/a><\/p>\n<p>&nbsp;<\/p>\n<p><a class=\"linkBioInside\" href=\"http:\/\/www.laboite-kilanigroupe.com\/meriem-bouderbala\/\">&gt; Biographie<\/a>[\/vc_column_text][\/vc_column_inner][vc_column_inner column_padding=&#8221;no-extra-padding&#8221; column_padding_position=&#8221;all&#8221; background_color_opacity=&#8221;1&#8243; background_hover_color_opacity=&#8221;1&#8243; column_shadow=&#8221;none&#8221; column_border_radius=&#8221;none&#8221; column_link_target=&#8221;_self&#8221; width=&#8221;1\/2&#8243; tablet_width_inherit=&#8221;default&#8221; column_border_width=&#8221;none&#8221; column_border_style=&#8221;solid&#8221; bg_image_animation=&#8221;none&#8221;][vc_gallery type=&#8221;nectarslider_style&#8221; images=&#8221;6767,6764,6765,6766,6769,6770,6771,6772,6773,6774,6775,6768&#8243; flexible_slider_height=&#8221;true&#8221; bullet_navigation_style=&#8221;see_through&#8221; onclick=&#8221;link_no&#8221;][\/vc_column_inner][\/vc_row_inner][\/vc_column][\/vc_row][vc_row type=&#8221;in_container&#8221; full_screen_row_position=&#8221;middle&#8221; scene_position=&#8221;center&#8221; text_color=&#8221;dark&#8221; text_align=&#8221;left&#8221; overlay_strength=&#8221;0.3&#8243; shape_divider_position=&#8221;bottom&#8221; bg_image_animation=&#8221;none&#8221;][vc_column column_padding=&#8221;no-extra-padding&#8221; column_padding_position=&#8221;all&#8221; background_color_opacity=&#8221;1&#8243; background_hover_color_opacity=&#8221;1&#8243; column_link_target=&#8221;_self&#8221; column_shadow=&#8221;none&#8221; column_border_radius=&#8221;none&#8221; width=&#8221;1\/1&#8243; tablet_width_inherit=&#8221;default&#8221; tablet_text_alignment=&#8221;default&#8221; phone_text_alignment=&#8221;default&#8221; column_border_width=&#8221;none&#8221; column_border_style=&#8221;solid&#8221; bg_image_animation=&#8221;none&#8221;][vc_column_text][\/vc_column_text][\/vc_column][\/vc_row]\n","protected":false},"excerpt":{"rendered":"<p>[vc_row type=&#8221;in_container&#8221; full_screen_row_position=&#8221;middle&#8221; scene_position=&#8221;center&#8221; text_color=&#8221;dark&#8221; text_align=&#8221;left&#8221; overlay_strength=&#8221;0.3&#8243; shape_divider_position=&#8221;bottom&#8221; bg_image_animation=&#8221;none&#8221;][vc_column column_padding=&#8221;no-extra-padding&#8221; column_padding_position=&#8221;all&#8221; background_color_opacity=&#8221;1&#8243; background_hover_color_opacity=&#8221;1&#8243; column_link_target=&#8221;_self&#8221; column_shadow=&#8221;none&#8221;&#8230;<\/p>\n","protected":false},"author":8,"featured_media":11969,"parent":0,"menu_order":0,"comment_status":"closed","ping_status":"closed","template":"","meta":{"inline_featured_image":false,"footnotes":""},"categories":[],"tags":[],"class_list":["post-15440","page","type-page","status-publish","has-post-thumbnail"],"aioseo_notices":[],"jetpack_sharing_enabled":true,"_links":{"self":[{"href":"https:\/\/www.laboite-kilanigroupe.com\/en\/wp-json\/wp\/v2\/pages\/15440","targetHints":{"allow":["GET"]}}],"collection":[{"href":"https:\/\/www.laboite-kilanigroupe.com\/en\/wp-json\/wp\/v2\/pages"}],"about":[{"href":"https:\/\/www.laboite-kilanigroupe.com\/en\/wp-json\/wp\/v2\/types\/page"}],"author":[{"embeddable":true,"href":"https:\/\/www.laboite-kilanigroupe.com\/en\/wp-json\/wp\/v2\/users\/8"}],"replies":[{"embeddable":true,"href":"https:\/\/www.laboite-kilanigroupe.com\/en\/wp-json\/wp\/v2\/comments?post=15440"}],"version-history":[{"count":1,"href":"https:\/\/www.laboite-kilanigroupe.com\/en\/wp-json\/wp\/v2\/pages\/15440\/revisions"}],"predecessor-version":[{"id":15457,"href":"https:\/\/www.laboite-kilanigroupe.com\/en\/wp-json\/wp\/v2\/pages\/15440\/revisions\/15457"}],"wp:featuredmedia":[{"embeddable":true,"href":"https:\/\/www.laboite-kilanigroupe.com\/en\/wp-json\/wp\/v2\/media\/11969"}],"wp:attachment":[{"href":"https:\/\/www.laboite-kilanigroupe.com\/en\/wp-json\/wp\/v2\/media?parent=15440"}],"wp:term":[{"taxonomy":"category","embeddable":true,"href":"https:\/\/www.laboite-kilanigroupe.com\/en\/wp-json\/wp\/v2\/categories?post=15440"},{"taxonomy":"post_tag","embeddable":true,"href":"https:\/\/www.laboite-kilanigroupe.com\/en\/wp-json\/wp\/v2\/tags?post=15440"}],"curies":[{"name":"wp","href":"https:\/\/api.w.org\/{rel}","templated":true}]}}