{"id":15462,"date":"2019-10-08T13:01:29","date_gmt":"2019-10-08T11:01:29","guid":{"rendered":"https:\/\/www.laboite-kilanigroupe.com\/?page_id=15462"},"modified":"2025-09-29T15:41:42","modified_gmt":"2025-09-29T13:41:42","slug":"nous-vivons-trop-pres-des-machines-i-lina-ben-rejeb","status":"publish","type":"page","link":"https:\/\/www.laboite-kilanigroupe.com\/en\/nous-vivons-trop-pres-des-machines-i-lina-ben-rejeb\/","title":{"rendered":"Nous vivons trop pr\u00e8s des machines I Lina Ben Rejeb"},"content":{"rendered":"[vc_row type=&#8221;in_container&#8221; full_screen_row_position=&#8221;middle&#8221; scene_position=&#8221;center&#8221; text_color=&#8221;dark&#8221; text_align=&#8221;left&#8221; overlay_strength=&#8221;0.3&#8243; shape_divider_position=&#8221;bottom&#8221; bg_image_animation=&#8221;none&#8221;][vc_column column_padding=&#8221;no-extra-padding&#8221; column_padding_position=&#8221;all&#8221; background_color_opacity=&#8221;1&#8243; background_hover_color_opacity=&#8221;1&#8243; column_link_target=&#8221;_self&#8221; column_shadow=&#8221;none&#8221; column_border_radius=&#8221;none&#8221; width=&#8221;1\/1&#8243; tablet_width_inherit=&#8221;default&#8221; tablet_text_alignment=&#8221;default&#8221; phone_text_alignment=&#8221;default&#8221; column_border_width=&#8221;none&#8221; column_border_style=&#8221;solid&#8221; bg_image_animation=&#8221;none&#8221;][vc_row_inner column_margin=&#8221;default&#8221; text_align=&#8221;left&#8221;][vc_column_inner column_padding=&#8221;no-extra-padding&#8221; column_padding_position=&#8221;all&#8221; background_color_opacity=&#8221;1&#8243; background_hover_color_opacity=&#8221;1&#8243; column_shadow=&#8221;none&#8221; column_border_radius=&#8221;none&#8221; column_link_target=&#8221;_self&#8221; el_class=&#8221;colLeftPub&#8221; width=&#8221;1\/2&#8243; tablet_width_inherit=&#8221;default&#8221; column_border_width=&#8221;none&#8221; column_border_style=&#8221;solid&#8221; bg_image_animation=&#8221;none&#8221;][vc_column_text el_class=&#8221;descriptionPub pub-1&#8243;]\n<h1 class=\"nameArtistInside\"><span style=\"font-size: 18pt;\">Lina Ben Rejeb<\/span> <span style=\"font-size: 18pt;\">Nous vivons trop pr\u00e8s des machines<\/span><\/h1>\n<p class=\"datePlaceInside\">La Bo\u00eete I October 2019 La Bo\u00eete Hors Tunis I ISAM Gab\u00e8s I March 2020<\/p>\n<p class=\"descriptionArtistInside\">Text of Lina Ben Rejeb.<\/p>\n<p class=\"descriptionArtistInside\">Together is an important word.<br \/>\nIt&#8217;s a question of creating a link by making an image of the trace, of putting people at the heart of the project: involving others in the process of making and building. Here, the trace is revisited, displaced and recomposed.<br \/>\nHaving long considered the finiteness of a gesture (tracing), of a tool (the copier), this exhibition is about displacement: our routines today, like those visible in the exhibition We live too close to machines (digging, duplicating, applying, washing, repeating and superimposing) are perhaps already ruins.<br \/>\nSeeing into the past, recounting these men around a long table struggling to make a trace, and telling the story of this long white cloth that gradually becomes the bearer of imprints, signs, the memory of gestures: palimpsest.<br \/>\nThis trade, that of the sari printer, is tending to disappear. Like so many others, it is becoming exhausted as machines replace men. Relocating the practice is an attempt to question these routines in a different way, to ward off the fear of a distorted world.<br \/>\nBarely enough time to get to grips with a task before it has already been consigned to oblivion. Obsolete, like our machines, our practices are constantly being renewed.<br \/>\nFirst of all, there are those who produced these traces: the workers in India, and those who compose them, the people at La Boite. Between the two, there is a profession: that of the artist, who seeks to question the very notion of work in an age of obsolescence, globalisation and delocalisation.<br \/>\nThe idea is to show a journey, the construction of a medium that becomes a work of art (producing a wooden stamp, revealing a fabric) to reflect together on the notion of craft, that of work and our imprint, what we become once the craft (or function) has disappeared. It&#8217;s a central issue in an age of obsolescence, when we&#8217;re forced to take a nostalgic look at what continues to be, to exist differently.<br \/>\nLina Ben Rejeb, 2019.<\/p>\n<p><a class=\"linkBioInside\" href=\"http:\/\/www.laboite-kilanigroupe.com\/lina-ben-rejeb\/\">&gt; Biographie<\/a>[\/vc_column_text][\/vc_column_inner][vc_column_inner column_padding=&#8221;no-extra-padding&#8221; column_padding_position=&#8221;all&#8221; background_color_opacity=&#8221;1&#8243; background_hover_color_opacity=&#8221;1&#8243; column_shadow=&#8221;none&#8221; column_border_radius=&#8221;none&#8221; column_link_target=&#8221;_self&#8221; width=&#8221;1\/2&#8243; tablet_width_inherit=&#8221;default&#8221; column_border_width=&#8221;none&#8221; column_border_style=&#8221;solid&#8221; bg_image_animation=&#8221;none&#8221;][vc_gallery type=&#8221;nectarslider_style&#8221; images=&#8221;7304,7305,7306,7307,7308,7309,7310,7311,7312&#8243; flexible_slider_height=&#8221;true&#8221; bullet_navigation_style=&#8221;see_through&#8221; onclick=&#8221;link_no&#8221;][\/vc_column_inner][\/vc_row_inner][\/vc_column][\/vc_row][vc_row type=&#8221;in_container&#8221; full_screen_row_position=&#8221;middle&#8221; scene_position=&#8221;center&#8221; text_color=&#8221;dark&#8221; text_align=&#8221;left&#8221; overlay_strength=&#8221;0.3&#8243; shape_divider_position=&#8221;bottom&#8221; bg_image_animation=&#8221;none&#8221;][vc_column column_padding=&#8221;no-extra-padding&#8221; column_padding_position=&#8221;all&#8221; background_color_opacity=&#8221;1&#8243; background_hover_color_opacity=&#8221;1&#8243; column_link_target=&#8221;_self&#8221; column_shadow=&#8221;none&#8221; column_border_radius=&#8221;none&#8221; width=&#8221;1\/1&#8243; tablet_width_inherit=&#8221;default&#8221; tablet_text_alignment=&#8221;default&#8221; phone_text_alignment=&#8221;default&#8221; column_border_width=&#8221;none&#8221; column_border_style=&#8221;solid&#8221; bg_image_animation=&#8221;none&#8221;][vc_column_text] [\/vc_column_text][\/vc_column][\/vc_row]\n","protected":false},"excerpt":{"rendered":"<p>[vc_row type=&#8221;in_container&#8221; full_screen_row_position=&#8221;middle&#8221; scene_position=&#8221;center&#8221; text_color=&#8221;dark&#8221; text_align=&#8221;left&#8221; overlay_strength=&#8221;0.3&#8243; shape_divider_position=&#8221;bottom&#8221; bg_image_animation=&#8221;none&#8221;][vc_column column_padding=&#8221;no-extra-padding&#8221; column_padding_position=&#8221;all&#8221; background_color_opacity=&#8221;1&#8243; background_hover_color_opacity=&#8221;1&#8243; column_link_target=&#8221;_self&#8221; column_shadow=&#8221;none&#8221;&#8230;<\/p>\n","protected":false},"author":8,"featured_media":0,"parent":0,"menu_order":0,"comment_status":"closed","ping_status":"closed","template":"","meta":{"inline_featured_image":false,"footnotes":""},"categories":[57],"tags":[],"class_list":{"0":"post-15462","1":"page","2":"type-page","3":"status-publish","5":"category-exhibitions"},"aioseo_notices":[],"jetpack_sharing_enabled":true,"_links":{"self":[{"href":"https:\/\/www.laboite-kilanigroupe.com\/en\/wp-json\/wp\/v2\/pages\/15462","targetHints":{"allow":["GET"]}}],"collection":[{"href":"https:\/\/www.laboite-kilanigroupe.com\/en\/wp-json\/wp\/v2\/pages"}],"about":[{"href":"https:\/\/www.laboite-kilanigroupe.com\/en\/wp-json\/wp\/v2\/types\/page"}],"author":[{"embeddable":true,"href":"https:\/\/www.laboite-kilanigroupe.com\/en\/wp-json\/wp\/v2\/users\/8"}],"replies":[{"embeddable":true,"href":"https:\/\/www.laboite-kilanigroupe.com\/en\/wp-json\/wp\/v2\/comments?post=15462"}],"version-history":[{"count":1,"href":"https:\/\/www.laboite-kilanigroupe.com\/en\/wp-json\/wp\/v2\/pages\/15462\/revisions"}],"predecessor-version":[{"id":15463,"href":"https:\/\/www.laboite-kilanigroupe.com\/en\/wp-json\/wp\/v2\/pages\/15462\/revisions\/15463"}],"wp:attachment":[{"href":"https:\/\/www.laboite-kilanigroupe.com\/en\/wp-json\/wp\/v2\/media?parent=15462"}],"wp:term":[{"taxonomy":"category","embeddable":true,"href":"https:\/\/www.laboite-kilanigroupe.com\/en\/wp-json\/wp\/v2\/categories?post=15462"},{"taxonomy":"post_tag","embeddable":true,"href":"https:\/\/www.laboite-kilanigroupe.com\/en\/wp-json\/wp\/v2\/tags?post=15462"}],"curies":[{"name":"wp","href":"https:\/\/api.w.org\/{rel}","templated":true}]}}