{"id":15576,"date":"2025-08-25T15:03:39","date_gmt":"2025-08-25T13:03:39","guid":{"rendered":"https:\/\/www.laboite-kilanigroupe.com\/?page_id=15576"},"modified":"2025-09-26T18:33:51","modified_gmt":"2025-09-26T16:33:51","slug":"a-carthage-la-villa-baizeau-le-corbusier-jeanneret-un-pan-de-lhistoire-coloniale-par-le-prisme-dune-architecture","status":"publish","type":"page","link":"https:\/\/www.laboite-kilanigroupe.com\/en\/a-carthage-la-villa-baizeau-le-corbusier-jeanneret-un-pan-de-lhistoire-coloniale-par-le-prisme-dune-architecture\/","title":{"rendered":"\u00c0 Carthage La villa Baizeau Le Corbusier &#038; Jeanneret | Un Pan de l&#8217;histoire coloniale par le prisme d&#8217;une architecture"},"content":{"rendered":"[vc_row type=&#8221;in_container&#8221; full_screen_row_position=&#8221;middle&#8221; scene_position=&#8221;center&#8221; text_color=&#8221;dark&#8221; text_align=&#8221;left&#8221; overlay_strength=&#8221;0.3&#8243; shape_divider_position=&#8221;bottom&#8221; bg_image_animation=&#8221;none&#8221;][vc_column column_padding=&#8221;no-extra-padding&#8221; column_padding_position=&#8221;all&#8221; background_color_opacity=&#8221;1&#8243; background_hover_color_opacity=&#8221;1&#8243; column_link_target=&#8221;_self&#8221; column_shadow=&#8221;none&#8221; column_border_radius=&#8221;none&#8221; width=&#8221;1\/1&#8243; tablet_width_inherit=&#8221;default&#8221; tablet_text_alignment=&#8221;default&#8221; phone_text_alignment=&#8221;default&#8221; column_border_width=&#8221;none&#8221; column_border_style=&#8221;solid&#8221; bg_image_animation=&#8221;none&#8221;][vc_row_inner column_margin=&#8221;default&#8221; text_align=&#8221;left&#8221;][vc_column_inner column_padding=&#8221;no-extra-padding&#8221; column_padding_position=&#8221;all&#8221; background_color_opacity=&#8221;1&#8243; background_hover_color_opacity=&#8221;1&#8243; column_shadow=&#8221;none&#8221; column_border_radius=&#8221;none&#8221; column_link_target=&#8221;_self&#8221; el_class=&#8221;colLeftPub&#8221; width=&#8221;1\/2&#8243; tablet_width_inherit=&#8221;default&#8221; column_border_width=&#8221;none&#8221; column_border_style=&#8221;solid&#8221; bg_image_animation=&#8221;none&#8221;][vc_column_text el_class=&#8221;descriptionPub pub-1&#8243;]\n<h3><br class=\"html-br\" \/>\u00c0 Carthage, la Villa Baizeau de Le Corbusier &amp; Jeanneret.<br \/>\nUn pan de l\u2019histoire coloniale par le prisme d\u2019une architecture.<\/h3>\n<p>La Bo\u00eete Hors Tunis | D\u00e9cembre 2024<\/p>\n<p>Apr\u00e8s avoir imprim\u00e9 la Chapelle Sainte-Monique de sa trace et attir\u00e9 pr\u00e8s de 1 000 visiteurs en 15 jours, l&#8217;exposition \u00bbLa Villa Baizeau \u00e0 Carthage de Le Corbusier &amp; Jeanneret \u00bb s\u2019est invit\u00e9e \u00e0 l&#8217;ISAM Gab\u00e8s du 29 novembre au 2 d\u00e9cembre 2024.<\/p>\n<p>L\u2019exposition, entre Art &amp; Architecture, s\u2019est organis\u00e9e dans le cadre d\u2019une Tourn\u00e9e des Universit\u00e9s entreprise par La Bo\u00eete et Chacha Atallah pour faire conna\u00eetre la villa et d\u00e9voiler son histoire illustre aupr\u00e8s des \u00e9tudiants et enseignants de Tunisie.<\/p>\n<p><strong>\u00c0 l\u2019ISAM Gab\u00e8s, plus de 400 visiteurs en un week-end!<\/strong> En la pr\u00e9sence du Pr\u00e9sident de l\u2019Universit\u00e9 de Gab\u00e8s, du directeur de l\u2019ISAM Tataouine, du directeur de Campus Culture, etc.<br \/>\nLe public \u00e9tait particuli\u00e8rement int\u00e9ress\u00e9 par l\u2019histoire coloniale de la villa, le statut privil\u00e9gi\u00e9 de Lucien Baizeau, son parcours d\u2019entrepreneur, son intransigeance face \u00e0 Le Corbusier. Il a d\u00e9couvert avec beaucoup de curiosit\u00e9 l\u2019architecture de la villa, les conditions de sa r\u00e9alisation (\u00e0 distance), son caract\u00e8re unique (seul projet que Le Corbusier ait men\u00e9 en Afrique), son inaccessibilit\u00e9 en raison de sa pr\u00e9sence dans le p\u00e9rim\u00e8tre de s\u00e9curit\u00e9 de la Pr\u00e9sidence. Les t\u00e9moignages des enfants, leurs archives familiales ont profond\u00e9ment touch\u00e9 les visiteurs.<\/p>\n<p><a href=\"https:\/\/www.laboite-kilanigroupe.com\/sur-la-colline-sainte-monique-la-villa-baizeau-de-le-corbusier-jeanneret\/\">Voir aussi<\/a><\/p>\n<p>Une exposition organis\u00e9e par Chacha Atallah et La Boite<br \/>\nCommissaire de l&#8217;exposition Roberto Gargiani<br \/>\n<a href=\"https:\/\/www.laboite-kilanigroupe.com\/en\/chacha-atallah\/\">Biographie de Chacha Atallah\u00a0<\/a>[\/vc_column_text][\/vc_column_inner][vc_column_inner background_image=&#8221;13859&#8243; column_padding=&#8221;no-extra-padding&#8221; column_padding_position=&#8221;all&#8221; background_color_opacity=&#8221;1&#8243; background_hover_color_opacity=&#8221;1&#8243; column_shadow=&#8221;none&#8221; column_border_radius=&#8221;none&#8221; column_link_target=&#8221;_self&#8221; width=&#8221;1\/2&#8243; tablet_width_inherit=&#8221;default&#8221; column_border_width=&#8221;none&#8221; column_border_style=&#8221;solid&#8221; bg_image_animation=&#8221;none&#8221;][vc_gallery type=&#8221;nectarslider_style&#8221; images=&#8221;14634,14636,14638,14640&#8243; flexible_slider_height=&#8221;true&#8221; bullet_navigation_style=&#8221;see_through&#8221; onclick=&#8221;link_no&#8221;][\/vc_column_inner][\/vc_row_inner][\/vc_column][\/vc_row][vc_row type=&#8221;in_container&#8221; full_screen_row_position=&#8221;middle&#8221; scene_position=&#8221;center&#8221; text_color=&#8221;dark&#8221; text_align=&#8221;left&#8221; overlay_strength=&#8221;0.3&#8243; shape_divider_position=&#8221;bottom&#8221; bg_image_animation=&#8221;none&#8221;][vc_column column_padding=&#8221;no-extra-padding&#8221; column_padding_position=&#8221;all&#8221; background_color_opacity=&#8221;1&#8243; background_hover_color_opacity=&#8221;1&#8243; column_link_target=&#8221;_self&#8221; column_shadow=&#8221;none&#8221; column_border_radius=&#8221;none&#8221; width=&#8221;1\/1&#8243; tablet_width_inherit=&#8221;default&#8221; tablet_text_alignment=&#8221;default&#8221; phone_text_alignment=&#8221;default&#8221; column_border_width=&#8221;none&#8221; column_border_style=&#8221;solid&#8221; bg_image_animation=&#8221;none&#8221;][vc_column_text][\/vc_column_text][\/vc_column][\/vc_row]\n","protected":false},"excerpt":{"rendered":"<p>[vc_row type=&#8221;in_container&#8221; full_screen_row_position=&#8221;middle&#8221; scene_position=&#8221;center&#8221; text_color=&#8221;dark&#8221; text_align=&#8221;left&#8221; overlay_strength=&#8221;0.3&#8243; shape_divider_position=&#8221;bottom&#8221; bg_image_animation=&#8221;none&#8221;][vc_column column_padding=&#8221;no-extra-padding&#8221; column_padding_position=&#8221;all&#8221; background_color_opacity=&#8221;1&#8243; background_hover_color_opacity=&#8221;1&#8243; column_link_target=&#8221;_self&#8221; column_shadow=&#8221;none&#8221;&#8230;<\/p>\n","protected":false},"author":6,"featured_media":12619,"parent":0,"menu_order":0,"comment_status":"closed","ping_status":"closed","template":"","meta":{"inline_featured_image":false,"footnotes":""},"categories":[57],"tags":[],"class_list":{"0":"post-15576","1":"page","2":"type-page","3":"status-publish","4":"has-post-thumbnail","6":"category-exhibitions"},"aioseo_notices":[],"jetpack_sharing_enabled":true,"_links":{"self":[{"href":"https:\/\/www.laboite-kilanigroupe.com\/en\/wp-json\/wp\/v2\/pages\/15576","targetHints":{"allow":["GET"]}}],"collection":[{"href":"https:\/\/www.laboite-kilanigroupe.com\/en\/wp-json\/wp\/v2\/pages"}],"about":[{"href":"https:\/\/www.laboite-kilanigroupe.com\/en\/wp-json\/wp\/v2\/types\/page"}],"author":[{"embeddable":true,"href":"https:\/\/www.laboite-kilanigroupe.com\/en\/wp-json\/wp\/v2\/users\/6"}],"replies":[{"embeddable":true,"href":"https:\/\/www.laboite-kilanigroupe.com\/en\/wp-json\/wp\/v2\/comments?post=15576"}],"version-history":[{"count":2,"href":"https:\/\/www.laboite-kilanigroupe.com\/en\/wp-json\/wp\/v2\/pages\/15576\/revisions"}],"predecessor-version":[{"id":15578,"href":"https:\/\/www.laboite-kilanigroupe.com\/en\/wp-json\/wp\/v2\/pages\/15576\/revisions\/15578"}],"wp:featuredmedia":[{"embeddable":true,"href":"https:\/\/www.laboite-kilanigroupe.com\/en\/wp-json\/wp\/v2\/media\/12619"}],"wp:attachment":[{"href":"https:\/\/www.laboite-kilanigroupe.com\/en\/wp-json\/wp\/v2\/media?parent=15576"}],"wp:term":[{"taxonomy":"category","embeddable":true,"href":"https:\/\/www.laboite-kilanigroupe.com\/en\/wp-json\/wp\/v2\/categories?post=15576"},{"taxonomy":"post_tag","embeddable":true,"href":"https:\/\/www.laboite-kilanigroupe.com\/en\/wp-json\/wp\/v2\/tags?post=15576"}],"curies":[{"name":"wp","href":"https:\/\/api.w.org\/{rel}","templated":true}]}}