{"id":15609,"date":"2019-10-08T16:32:34","date_gmt":"2019-10-08T14:32:34","guid":{"rendered":"https:\/\/www.laboite-kilanigroupe.com\/?page_id=15609"},"modified":"2025-09-29T16:46:43","modified_gmt":"2025-09-29T14:46:43","slug":"samawati-delel-tangour","status":"publish","type":"page","link":"https:\/\/www.laboite-kilanigroupe.com\/en\/samawati-delel-tangour\/","title":{"rendered":"Samawati \u2013 Delel Tangour"},"content":{"rendered":"[vc_row type=&#8221;in_container&#8221; full_screen_row_position=&#8221;middle&#8221; scene_position=&#8221;center&#8221; text_color=&#8221;dark&#8221; text_align=&#8221;left&#8221; overlay_strength=&#8221;0.3&#8243; shape_divider_position=&#8221;bottom&#8221; bg_image_animation=&#8221;none&#8221;][vc_column column_padding=&#8221;no-extra-padding&#8221; column_padding_position=&#8221;all&#8221; background_color_opacity=&#8221;1&#8243; background_hover_color_opacity=&#8221;1&#8243; column_link_target=&#8221;_self&#8221; column_shadow=&#8221;none&#8221; column_border_radius=&#8221;none&#8221; width=&#8221;1\/1&#8243; tablet_width_inherit=&#8221;default&#8221; tablet_text_alignment=&#8221;default&#8221; phone_text_alignment=&#8221;default&#8221; column_border_width=&#8221;none&#8221; column_border_style=&#8221;solid&#8221; bg_image_animation=&#8221;none&#8221;][vc_row_inner column_margin=&#8221;default&#8221; text_align=&#8221;left&#8221;][vc_column_inner column_padding=&#8221;no-extra-padding&#8221; column_padding_position=&#8221;all&#8221; background_color_opacity=&#8221;1&#8243; background_hover_color_opacity=&#8221;1&#8243; column_shadow=&#8221;none&#8221; column_border_radius=&#8221;none&#8221; column_link_target=&#8221;_self&#8221; el_class=&#8221;colLeftPub&#8221; width=&#8221;1\/2&#8243; tablet_width_inherit=&#8221;default&#8221; column_border_width=&#8221;none&#8221; column_border_style=&#8221;solid&#8221; bg_image_animation=&#8221;none&#8221;][vc_column_text el_class=&#8221;descriptionPub pub-1 textExpoInterne&#8221;]\n<h1 class=\"nameArtistInside\"><a href=\"http:\/\/www.deleltangour.com\/\"><span style=\"font-size: 18pt;\">Delel Tangour<\/span><\/a><br \/>\n<span style=\"font-size: 18pt;\">\u00abSamawati\u00bb<\/span><\/h1>\n<p class=\"datePlaceInside\">Januar 2014 I May 2014<br \/>\nLa Bo\u00eete I Un lieu d\u2019art contemporain<\/p>\n<p>Delel Tangour&#8217;s photographs capture what is imperceptible to us in action: the truth of latencies and intervals. Thanks to a mastery of framing, they stop time in its tracks by capturing the &#8220;decisive moment&#8221;, depending on the amplitude of the movement. This process of composition by decomposition seduces the eye by circulating the truth of the image between the clue and the fiction.<br \/>\nRachida Triki<br \/>\nTunis, 2014<\/p>\n<p>&#8221;In his series of &#8216;equivalents&#8217;, Stieglitz boldly retained in his photographic framing only the ever-changing drawings of the cloud layer as seen from the ground. Here, Dalel Tangour combines the sumptuousness of the cloud formations with the derisory and delicate points of attachment and scale of the minaret, colourful clothes pegs and human silhouettes of construction workers. The swirls exalt the artist&#8217;s eye as the background to three scenes that exult in banal mode.&#8221;<\/p>\n<p>Jo\u00ebl Savary<br \/>\n2014<\/p>\n<p>&#8230; In this way, she defines a personal celestial cartography: by interweaving the plurality of possible points of view at the boundary between the worlds of &#8216;impossible&#8217;, &#8216;unimaginable&#8217; or &#8216;forbidden&#8217; thought, she weaves another map of the world for the future &#8211; a map, we hope at least, more sensitive to individual points of view &#8230;<br \/>\n&#8230; Despite the events whose unpredictable consequences are masked by the furious clouds, the scenography of the storm in her series of photographic works Mes Cieux Samawati is not a mirror-image of what the world really looks like: rather, it is a resonance of what it feels like to look at the world today &#8211; from Dalel Tangour&#8217;s ethical and emotional position.&#8221;<\/p>\n<p>Marko Stamenkovic, 2014<\/p>\n<p>&#8220;La grande photographe Dalel Tangour (1956), avec Mes cieux &#8211; Sawamati, pr\u00e9sente-t-elle \u00e0 La Bo\u00eete, dans ses clich\u00e9s aust\u00e8res, une vision en suspension de la Tunisie, ciels laiteux et espaces vides d\u2019un pays qu\u2019on pourrait croire en bord de ruine ?&#8221;<\/p>\n<p><a href=\"https:\/\/paulardenne.wordpress.com\/\">Paul Ardenne<\/a><\/p>\n<p>&nbsp;<\/p>\n<p><a class=\"linkBioInside\" href=\"http:\/\/www.laboite-kilanigroupe.com\/delel-tangour\/\">&gt; Biographie<\/a>[\/vc_column_text][\/vc_column_inner][vc_column_inner column_padding=&#8221;no-extra-padding&#8221; column_padding_position=&#8221;all&#8221; background_color_opacity=&#8221;1&#8243; background_hover_color_opacity=&#8221;1&#8243; column_shadow=&#8221;none&#8221; column_border_radius=&#8221;none&#8221; column_link_target=&#8221;_self&#8221; width=&#8221;1\/2&#8243; tablet_width_inherit=&#8221;default&#8221; column_border_width=&#8221;none&#8221; column_border_style=&#8221;solid&#8221; bg_image_animation=&#8221;none&#8221;][vc_gallery type=&#8221;nectarslider_style&#8221; images=&#8221;6786,6787,6785&#8243; flexible_slider_height=&#8221;true&#8221; bullet_navigation_style=&#8221;see_through&#8221; onclick=&#8221;link_no&#8221;][\/vc_column_inner][\/vc_row_inner][\/vc_column][\/vc_row][vc_row type=&#8221;in_container&#8221; full_screen_row_position=&#8221;middle&#8221; scene_position=&#8221;center&#8221; text_color=&#8221;dark&#8221; text_align=&#8221;left&#8221; overlay_strength=&#8221;0.3&#8243; shape_divider_position=&#8221;bottom&#8221; bg_image_animation=&#8221;none&#8221;][vc_column column_padding=&#8221;no-extra-padding&#8221; column_padding_position=&#8221;all&#8221; background_color_opacity=&#8221;1&#8243; background_hover_color_opacity=&#8221;1&#8243; column_link_target=&#8221;_self&#8221; column_shadow=&#8221;none&#8221; column_border_radius=&#8221;none&#8221; width=&#8221;1\/1&#8243; tablet_width_inherit=&#8221;default&#8221; tablet_text_alignment=&#8221;default&#8221; phone_text_alignment=&#8221;default&#8221; column_border_width=&#8221;none&#8221; column_border_style=&#8221;solid&#8221; bg_image_animation=&#8221;none&#8221;][vc_column_text]\n[\/vc_column_text][\/vc_column][\/vc_row]\n","protected":false},"excerpt":{"rendered":"<p>[vc_row type=&#8221;in_container&#8221; full_screen_row_position=&#8221;middle&#8221; scene_position=&#8221;center&#8221; text_color=&#8221;dark&#8221; text_align=&#8221;left&#8221; overlay_strength=&#8221;0.3&#8243; shape_divider_position=&#8221;bottom&#8221; bg_image_animation=&#8221;none&#8221;][vc_column column_padding=&#8221;no-extra-padding&#8221; column_padding_position=&#8221;all&#8221; background_color_opacity=&#8221;1&#8243; background_hover_color_opacity=&#8221;1&#8243; column_link_target=&#8221;_self&#8221; column_shadow=&#8221;none&#8221;&#8230;<\/p>\n","protected":false},"author":8,"featured_media":11989,"parent":0,"menu_order":0,"comment_status":"closed","ping_status":"closed","template":"","meta":{"inline_featured_image":false,"footnotes":""},"categories":[57],"tags":[],"class_list":{"0":"post-15609","1":"page","2":"type-page","3":"status-publish","4":"has-post-thumbnail","6":"category-exhibitions"},"aioseo_notices":[],"jetpack_sharing_enabled":true,"_links":{"self":[{"href":"https:\/\/www.laboite-kilanigroupe.com\/en\/wp-json\/wp\/v2\/pages\/15609","targetHints":{"allow":["GET"]}}],"collection":[{"href":"https:\/\/www.laboite-kilanigroupe.com\/en\/wp-json\/wp\/v2\/pages"}],"about":[{"href":"https:\/\/www.laboite-kilanigroupe.com\/en\/wp-json\/wp\/v2\/types\/page"}],"author":[{"embeddable":true,"href":"https:\/\/www.laboite-kilanigroupe.com\/en\/wp-json\/wp\/v2\/users\/8"}],"replies":[{"embeddable":true,"href":"https:\/\/www.laboite-kilanigroupe.com\/en\/wp-json\/wp\/v2\/comments?post=15609"}],"version-history":[{"count":2,"href":"https:\/\/www.laboite-kilanigroupe.com\/en\/wp-json\/wp\/v2\/pages\/15609\/revisions"}],"predecessor-version":[{"id":15611,"href":"https:\/\/www.laboite-kilanigroupe.com\/en\/wp-json\/wp\/v2\/pages\/15609\/revisions\/15611"}],"wp:featuredmedia":[{"embeddable":true,"href":"https:\/\/www.laboite-kilanigroupe.com\/en\/wp-json\/wp\/v2\/media\/11989"}],"wp:attachment":[{"href":"https:\/\/www.laboite-kilanigroupe.com\/en\/wp-json\/wp\/v2\/media?parent=15609"}],"wp:term":[{"taxonomy":"category","embeddable":true,"href":"https:\/\/www.laboite-kilanigroupe.com\/en\/wp-json\/wp\/v2\/categories?post=15609"},{"taxonomy":"post_tag","embeddable":true,"href":"https:\/\/www.laboite-kilanigroupe.com\/en\/wp-json\/wp\/v2\/tags?post=15609"}],"curies":[{"name":"wp","href":"https:\/\/api.w.org\/{rel}","templated":true}]}}