{"id":15628,"date":"2019-10-08T13:41:30","date_gmt":"2019-10-08T11:41:30","guid":{"rendered":"https:\/\/www.laboite-kilanigroupe.com\/?page_id=15628"},"modified":"2025-09-29T17:33:52","modified_gmt":"2025-09-29T15:33:52","slug":"point-malek-gnaoui","status":"publish","type":"page","link":"https:\/\/www.laboite-kilanigroupe.com\/en\/point-malek-gnaoui\/","title":{"rendered":"Point. \u2013 Malek Gnaoui"},"content":{"rendered":"[vc_row type=&#8221;in_container&#8221; full_screen_row_position=&#8221;middle&#8221; scene_position=&#8221;center&#8221; text_color=&#8221;dark&#8221; text_align=&#8221;left&#8221; overlay_strength=&#8221;0.3&#8243; shape_divider_position=&#8221;bottom&#8221; bg_image_animation=&#8221;none&#8221;][vc_column column_padding=&#8221;no-extra-padding&#8221; column_padding_position=&#8221;all&#8221; background_color_opacity=&#8221;1&#8243; background_hover_color_opacity=&#8221;1&#8243; column_link_target=&#8221;_self&#8221; column_shadow=&#8221;none&#8221; column_border_radius=&#8221;none&#8221; width=&#8221;1\/1&#8243; tablet_width_inherit=&#8221;default&#8221; tablet_text_alignment=&#8221;default&#8221; phone_text_alignment=&#8221;default&#8221; column_border_width=&#8221;none&#8221; column_border_style=&#8221;solid&#8221; bg_image_animation=&#8221;none&#8221;][vc_row_inner column_margin=&#8221;default&#8221; text_align=&#8221;left&#8221;][vc_column_inner column_padding=&#8221;no-extra-padding&#8221; column_padding_position=&#8221;all&#8221; background_color_opacity=&#8221;1&#8243; background_hover_color_opacity=&#8221;1&#8243; column_shadow=&#8221;none&#8221; column_border_radius=&#8221;none&#8221; column_link_target=&#8221;_self&#8221; el_class=&#8221;colLeftPub&#8221; width=&#8221;1\/2&#8243; tablet_width_inherit=&#8221;default&#8221; column_border_width=&#8221;none&#8221; column_border_style=&#8221;solid&#8221; bg_image_animation=&#8221;none&#8221;][vc_column_text el_class=&#8221;descriptionPub pub-1 textExpoInterne&#8221;]\n<h1 class=\"nameArtistInside\"><span style=\"font-size: 18pt;\">Malek Gnaoui<\/span><br \/>\n<span style=\"font-size: 18pt;\">\u00abPoint.\u00bb<\/span><\/h1>\n<p class=\"datePlaceInside\">September 2016 I December 2016<br \/>\nLa Bo\u00eete I Un lieu d\u2019art contemporain<\/p>\n<p>Beginning or end?<\/p>\n<p>To the lengths of segments and the contours of volumes, the scalar product point as an area: Punctuation point. Measurement point. Vanishing point. And yet another point&#8230; of fall.<br \/>\nMalek Gnaoui&#8217;s work is part of a minimalist approach that highlights the belligerence of matter, subject and concepts. Conflating concrete, the main material of the works and the very emblem of industrial society, with the spiritual subject that the work advocates, is not without its critics in the artist&#8217;s underlying thinking about the current global socio-political situation.<br \/>\nIn their layout and form, the works transcend the vertical relationship established by any apparatus of power, whatever its origin.<br \/>\nThe work &#8216;Collapse&#8217;, illustrating seven pieces of the letter &#8216;alif&#8217;, the first letter of the Koran and a symbol of the dominant\/dominated relationship of the socio-economic system and verticality, is thrown down in heaps, as if to wring the neck of this inequitable relationship, and to tear apart ecclesiastical dogma. Seven letters, seven heavens, seven sins, &#8220;seven continents&#8221;, seven wonders, G seven; seven failures (three suspension points).<br \/>\n&#8220;Verticality&#8221;, this work by Malek Ganoui, is similarly in line with critical thinking. The circular format stands at a distance from its title, which is apparently reminiscent of the point. A figure of suspension and stability, movement and stasis. 99 cm, like the seeds of a rosary. The soundtrack echoes &#8220;Gloire \u00e0 Dieu&#8221;, repetition, silence, parasite, then &#8220;Dieu est grand&#8221; (another three suspension points).<br \/>\nIn this work, Malek Gnaoui never ceases to defy us with his prolepses, which jostle once, and stop in inertia at other times. The third work, Vanishing Point, is an exegesis of this approach, which combines certainties and doubts, doctrines and critical thinking, barriers and checkpoints. Who&#8217;s behind it? Where are we? Am I the navel? Am I the endless cordon?<br \/>\nThe dot wonders, the dot exclaims.<br \/>\nGestation<br \/>\nBirth<br \/>\nEnd<br \/>\nPoint<\/p>\n<p>Nada Ouederni, 2016<\/p>\n<p>&nbsp;<\/p>\n<p>&#8220;Malek Gnaoui n\u2019oublie jamais le r\u00e9el. Verticality, sculpture murale sonoris\u00e9e faite de deux formes circulaires de b\u00e9ton renfl\u00e9es vers l\u2019avant de 99 cm de diam\u00e8tre (99 comme le nombre des grains du chapelet), fait entendre \u00e0 r\u00e9p\u00e9tition la formule Allah Ouakbar, \u00ab Dieu est grand \u00bb : comme une scansion, un rappel, une injonction \u00e0 ne jamais oublier le Divin mais aussi, non moins, le pouvoir que repr\u00e9sente la religion, qui peut \u00eatre \u00e9crasant voire liberticide. Vanishing Point, autre sculpture murale en b\u00e9ton de Gnaoui, affiche la forme du contour d\u2019une fen\u00eatre dot\u00e9e d\u2019un arc outrepass\u00e9, caract\u00e9ristique de l\u2019architecture religieuse musulmane. Cette lourde plaque ornement\u00e9e trou\u00e9e en son centre ne laisse passer qu\u2019un mince filet de lumi\u00e8re \u00e9lectrique. Loin que le religieux flamboie ici sous l\u2019esp\u00e8ce symbolique d\u2019une lumi\u00e8re triomphante, il fait plut\u00f4t d\u2019un reliquat, \u00e9quivalent d\u2019un signe qui n\u2019est plus un fanal. Face \u00e0 ce type d\u2019\u0153uvres, les questions fusent. Comment vivre, individu, dans un univers pr\u00e9form\u00e9 dont la culture n\u2019est pas forc\u00e9ment celle que nous d\u00e9sirerions ? Comment vivre, encore, si la vie priv\u00e9e devient une affaire collective, l\u2019intime une question religieuse et la culture dominante une glu dont ne pouvoir se d\u00e9faire ? Malek Gnaoui est l\u2019artiste des combinaisons retorses, l\u2019artiste aussi des relations irr\u00e9solues entre tradition et pr\u00e9sent, entre volont\u00e9 d\u2019une expression \u00e9mancip\u00e9e et exercice de la contrainte. Avec lui, nous naviguons au pr\u00e8s de la libert\u00e9 \u00e0 son contraire.&#8221;<\/p>\n<p>Paul Ardenne<\/p>\n<p>&nbsp;<\/p>\n<p><a class=\"linkBioInside\" href=\"http:\/\/www.laboite-kilanigroupe.com\/malek-gnaoui\/\">&gt; Biographie<\/a>[\/vc_column_text][\/vc_column_inner][vc_column_inner column_padding=&#8221;no-extra-padding&#8221; column_padding_position=&#8221;all&#8221; background_color_opacity=&#8221;1&#8243; background_hover_color_opacity=&#8221;1&#8243; column_shadow=&#8221;none&#8221; column_border_radius=&#8221;none&#8221; column_link_target=&#8221;_self&#8221; width=&#8221;1\/2&#8243; tablet_width_inherit=&#8221;default&#8221; column_border_width=&#8221;none&#8221; column_border_style=&#8221;solid&#8221; bg_image_animation=&#8221;none&#8221;][vc_gallery type=&#8221;nectarslider_style&#8221; images=&#8221;6858,6859,6860,6861,6862,6863,6864&#8243; flexible_slider_height=&#8221;true&#8221; bullet_navigation_style=&#8221;see_through&#8221; onclick=&#8221;link_no&#8221;][\/vc_column_inner][\/vc_row_inner][\/vc_column][\/vc_row][vc_row type=&#8221;in_container&#8221; full_screen_row_position=&#8221;middle&#8221; scene_position=&#8221;center&#8221; text_color=&#8221;dark&#8221; text_align=&#8221;left&#8221; overlay_strength=&#8221;0.3&#8243; shape_divider_position=&#8221;bottom&#8221; bg_image_animation=&#8221;none&#8221;][vc_column column_padding=&#8221;no-extra-padding&#8221; column_padding_position=&#8221;all&#8221; background_color_opacity=&#8221;1&#8243; background_hover_color_opacity=&#8221;1&#8243; column_link_target=&#8221;_self&#8221; column_shadow=&#8221;none&#8221; column_border_radius=&#8221;none&#8221; width=&#8221;1\/1&#8243; tablet_width_inherit=&#8221;default&#8221; tablet_text_alignment=&#8221;default&#8221; phone_text_alignment=&#8221;default&#8221; column_border_width=&#8221;none&#8221; column_border_style=&#8221;solid&#8221; bg_image_animation=&#8221;none&#8221;][vc_column_text]\n[\/vc_column_text][\/vc_column][\/vc_row]\n","protected":false},"excerpt":{"rendered":"<p>[vc_row type=&#8221;in_container&#8221; full_screen_row_position=&#8221;middle&#8221; scene_position=&#8221;center&#8221; text_color=&#8221;dark&#8221; text_align=&#8221;left&#8221; overlay_strength=&#8221;0.3&#8243; shape_divider_position=&#8221;bottom&#8221; bg_image_animation=&#8221;none&#8221;][vc_column column_padding=&#8221;no-extra-padding&#8221; column_padding_position=&#8221;all&#8221; background_color_opacity=&#8221;1&#8243; background_hover_color_opacity=&#8221;1&#8243; column_link_target=&#8221;_self&#8221; column_shadow=&#8221;none&#8221;&#8230;<\/p>\n","protected":false},"author":8,"featured_media":12059,"parent":0,"menu_order":0,"comment_status":"closed","ping_status":"closed","template":"","meta":{"inline_featured_image":false,"footnotes":""},"categories":[57],"tags":[],"class_list":{"0":"post-15628","1":"page","2":"type-page","3":"status-publish","4":"has-post-thumbnail","6":"category-exhibitions"},"aioseo_notices":[],"jetpack_sharing_enabled":true,"_links":{"self":[{"href":"https:\/\/www.laboite-kilanigroupe.com\/en\/wp-json\/wp\/v2\/pages\/15628","targetHints":{"allow":["GET"]}}],"collection":[{"href":"https:\/\/www.laboite-kilanigroupe.com\/en\/wp-json\/wp\/v2\/pages"}],"about":[{"href":"https:\/\/www.laboite-kilanigroupe.com\/en\/wp-json\/wp\/v2\/types\/page"}],"author":[{"embeddable":true,"href":"https:\/\/www.laboite-kilanigroupe.com\/en\/wp-json\/wp\/v2\/users\/8"}],"replies":[{"embeddable":true,"href":"https:\/\/www.laboite-kilanigroupe.com\/en\/wp-json\/wp\/v2\/comments?post=15628"}],"version-history":[{"count":1,"href":"https:\/\/www.laboite-kilanigroupe.com\/en\/wp-json\/wp\/v2\/pages\/15628\/revisions"}],"predecessor-version":[{"id":15629,"href":"https:\/\/www.laboite-kilanigroupe.com\/en\/wp-json\/wp\/v2\/pages\/15628\/revisions\/15629"}],"wp:featuredmedia":[{"embeddable":true,"href":"https:\/\/www.laboite-kilanigroupe.com\/en\/wp-json\/wp\/v2\/media\/12059"}],"wp:attachment":[{"href":"https:\/\/www.laboite-kilanigroupe.com\/en\/wp-json\/wp\/v2\/media?parent=15628"}],"wp:term":[{"taxonomy":"category","embeddable":true,"href":"https:\/\/www.laboite-kilanigroupe.com\/en\/wp-json\/wp\/v2\/categories?post=15628"},{"taxonomy":"post_tag","embeddable":true,"href":"https:\/\/www.laboite-kilanigroupe.com\/en\/wp-json\/wp\/v2\/tags?post=15628"}],"curies":[{"name":"wp","href":"https:\/\/api.w.org\/{rel}","templated":true}]}}